{"id":6246,"date":"2025-11-06T15:49:26","date_gmt":"2025-11-06T15:49:26","guid":{"rendered":"https:\/\/lehtly.com\/?post_type=product&#038;p=6246"},"modified":"2025-12-31T17:34:42","modified_gmt":"2025-12-31T17:34:42","slug":"metal-table-stand-for-car-silhouettes","status":"publish","type":"product","link":"https:\/\/lehtly.com\/et\/toode\/metal-table-stand-for-car-silhouettes\/","title":{"rendered":"Metallist lauastatiiv autosiluettidele"},"content":{"rendered":"<p>Palun pane t\u00e4hele: lauastatiivi soovitame kasutada suuruste <strong data-start=\"617\" data-end=\"622\">S<\/strong> ja <strong data-start=\"627\" data-end=\"632\">M<\/strong>, kuna suuremad siluetid v\u00f5ivad olla liiga rasked v\u00f5i laiad, et vabalt ja stabiilselt seista.<\/p>\n<p>Esitle oma lemmik metallist autosiluetti kindlalt ja stiilselt meie metallist lauastatiiviga \u2013 see on ideaalne alus t\u00e4pselt l\u00f5igatud automotiivkunsti v\u00e4ljatoomiseks.<br \/>\nValmistatud kvaliteetsest terasest, on see tugev statiiv loodud hoidma erinevas suuruses metall\u00adsiluette, s\u00e4ilitades samal ajal puhta ja minimalistliku v\u00e4limuse. Tasakaalustatud konstruktsioon tagab stabiilsuse ega t\u00f5mba pilku teoselt endalt \u2013 nii saab sinu autosiluett t\u00e4ielikult t\u00e4helepanu keskpunkti.<br \/>\nVastupidava pulberv\u00e4rviga viimistletud statiiv on kriimustuste-, rooste- ja kulumiskindel \u2013 ideaalne kasutamiseks kodus, kontoris v\u00f5i n\u00e4itusesaalis.<\/p>","protected":false},"excerpt":{"rendered":"<p data-start=\"333\" data-end=\"715\">Elegantne, pulberv\u00e4rvitud terasest alus, mis v\u00f5imaldab sinu metallist autosiluetti kindlalt ja turvaliselt esitleda igal tasasel pinnal. Minimalistlik, stabiilne ja vastupidav \u2013 ideaalne laudadele, riiulitele v\u00f5i n\u00e4itusesaalidesse.<\/p>","protected":false},"featured_media":6131,"comment_status":"open","ping_status":"closed","template":"","meta":[],"product_brand":[],"product_cat":[127],"product_tag":[],"class_list":{"0":"post-6246","1":"product","2":"type-product","3":"status-publish","4":"has-post-thumbnail","6":"product_cat-extras","8":"first","9":"instock","10":"taxable","11":"shipping-taxable","12":"purchasable","13":"product-type-variable"},"yoast_head":"<!-- This site is optimized with the Yoast SEO plugin v27.4 - https:\/\/yoast.com\/product\/yoast-seo-wordpress\/ -->\n<title>Metal Table Stand for Car Silhouettes - Metal Car Wall Art &amp; Custom Car Silhouettes<\/title>\n<meta name=\"robots\" content=\"index, follow, max-snippet:-1, max-image-preview:large, max-video-preview:-1\" \/>\n<link rel=\"canonical\" href=\"https:\/\/lehtly.com\/et\/toode\/metal-table-stand-for-car-silhouettes\/\" \/>\n<meta property=\"og:locale\" content=\"et_EE\" \/>\n<meta property=\"og:type\" content=\"article\" \/>\n<meta property=\"og:title\" content=\"Metal Table Stand for Car Silhouettes - Metal Car Wall Art &amp; Custom Car Silhouettes\" \/>\n<meta property=\"og:description\" content=\"A sleek, powder-coated steel stand designed to securely display your metal car silhouette on any flat surface. Minimalist, stable, and built to last - perfect for desks, shelves, or showroom setups.\" \/>\n<meta property=\"og:url\" content=\"https:\/\/lehtly.com\/et\/toode\/metal-table-stand-for-car-silhouettes\/\" \/>\n<meta property=\"og:site_name\" content=\"Metal Car Wall Art &amp; Custom Car Silhouettes\" \/>\n<meta property=\"article:publisher\" content=\"https:\/\/www.facebook.com\/profile.php?id=61581012177165\" \/>\n<meta property=\"article:modified_time\" content=\"2025-12-31T17:34:42+00:00\" \/>\n<meta property=\"og:image\" content=\"https:\/\/lehtly.com\/wp-content\/uploads\/2025\/10\/Laua-alus-scaled.jpg\" \/>\n\t<meta property=\"og:image:width\" content=\"1920\" \/>\n\t<meta property=\"og:image:height\" content=\"2560\" \/>\n\t<meta property=\"og:image:type\" content=\"image\/jpeg\" \/>\n<meta name=\"twitter:card\" content=\"summary_large_image\" \/>\n<meta name=\"twitter:label1\" content=\"Est. reading time\" \/>\n\t<meta name=\"twitter:data1\" content=\"1 minut\" \/>\n<script type=\"application\/ld+json\" class=\"yoast-schema-graph\">{\"@context\":\"https:\\\/\\\/schema.org\",\"@graph\":[{\"@type\":\"WebPage\",\"@id\":\"https:\\\/\\\/lehtly.com\\\/product\\\/metal-table-stand-for-car-silhouettes\\\/\",\"url\":\"https:\\\/\\\/lehtly.com\\\/product\\\/metal-table-stand-for-car-silhouettes\\\/\",\"name\":\"Metal Table Stand for Car Silhouettes - Metal Car Wall Art &amp; Custom Car Silhouettes\",\"isPartOf\":{\"@id\":\"https:\\\/\\\/lehtly.com\\\/#website\"},\"primaryImageOfPage\":{\"@id\":\"https:\\\/\\\/lehtly.com\\\/product\\\/metal-table-stand-for-car-silhouettes\\\/#primaryimage\"},\"image\":{\"@id\":\"https:\\\/\\\/lehtly.com\\\/product\\\/metal-table-stand-for-car-silhouettes\\\/#primaryimage\"},\"thumbnailUrl\":\"https:\\\/\\\/lehtly.com\\\/wp-content\\\/uploads\\\/2025\\\/10\\\/Laua-alus-scaled.jpg\",\"datePublished\":\"2025-11-06T15:49:26+00:00\",\"dateModified\":\"2025-12-31T17:34:42+00:00\",\"breadcrumb\":{\"@id\":\"https:\\\/\\\/lehtly.com\\\/product\\\/metal-table-stand-for-car-silhouettes\\\/#breadcrumb\"},\"inLanguage\":\"et\",\"potentialAction\":[{\"@type\":\"ReadAction\",\"target\":[\"https:\\\/\\\/lehtly.com\\\/product\\\/metal-table-stand-for-car-silhouettes\\\/\"]}]},{\"@type\":\"ImageObject\",\"inLanguage\":\"et\",\"@id\":\"https:\\\/\\\/lehtly.com\\\/product\\\/metal-table-stand-for-car-silhouettes\\\/#primaryimage\",\"url\":\"https:\\\/\\\/lehtly.com\\\/wp-content\\\/uploads\\\/2025\\\/10\\\/Laua-alus-scaled.jpg\",\"contentUrl\":\"https:\\\/\\\/lehtly.com\\\/wp-content\\\/uploads\\\/2025\\\/10\\\/Laua-alus-scaled.jpg\",\"width\":1920,\"height\":2560,\"caption\":\"qrf\"},{\"@type\":\"BreadcrumbList\",\"@id\":\"https:\\\/\\\/lehtly.com\\\/product\\\/metal-table-stand-for-car-silhouettes\\\/#breadcrumb\",\"itemListElement\":[{\"@type\":\"ListItem\",\"position\":1,\"name\":\"Home\",\"item\":\"https:\\\/\\\/lehtly.com\\\/\"},{\"@type\":\"ListItem\",\"position\":2,\"name\":\"All Products\",\"item\":\"https:\\\/\\\/lehtly.com\\\/all-products\\\/\"},{\"@type\":\"ListItem\",\"position\":3,\"name\":\"Metal Table Stand for Car Silhouettes\"}]},{\"@type\":\"WebSite\",\"@id\":\"https:\\\/\\\/lehtly.com\\\/#website\",\"url\":\"https:\\\/\\\/lehtly.com\\\/\",\"name\":\"Lehtly - Metal Car Wall Art & Custom Car Silhouettes\",\"description\":\"Precision-cut automotive metal wall art made in Estonia. Free worldwide shipping.\",\"publisher\":{\"@id\":\"https:\\\/\\\/lehtly.com\\\/#organization\"},\"potentialAction\":[{\"@type\":\"SearchAction\",\"target\":{\"@type\":\"EntryPoint\",\"urlTemplate\":\"https:\\\/\\\/lehtly.com\\\/?s={search_term_string}\"},\"query-input\":{\"@type\":\"PropertyValueSpecification\",\"valueRequired\":true,\"valueName\":\"search_term_string\"}}],\"inLanguage\":\"et\"},{\"@type\":\"Organization\",\"@id\":\"https:\\\/\\\/lehtly.com\\\/#organization\",\"name\":\"Lehtly\",\"url\":\"https:\\\/\\\/lehtly.com\\\/\",\"logo\":{\"@type\":\"ImageObject\",\"inLanguage\":\"et\",\"@id\":\"https:\\\/\\\/lehtly.com\\\/#\\\/schema\\\/logo\\\/image\\\/\",\"url\":\"https:\\\/\\\/lehtly.com\\\/wp-content\\\/uploads\\\/2025\\\/02\\\/Lehtly_Logo_White-620x154-1.png\",\"contentUrl\":\"https:\\\/\\\/lehtly.com\\\/wp-content\\\/uploads\\\/2025\\\/02\\\/Lehtly_Logo_White-620x154-1.png\",\"width\":620,\"height\":154,\"caption\":\"Lehtly\"},\"image\":{\"@id\":\"https:\\\/\\\/lehtly.com\\\/#\\\/schema\\\/logo\\\/image\\\/\"},\"sameAs\":[\"https:\\\/\\\/www.facebook.com\\\/profile.php?id=61581012177165\",\"https:\\\/\\\/www.instagram.com\\\/lehtlyart\\\/\"]}]}<\/script>\n<!-- \/ Yoast SEO plugin. -->","yoast_head_json":{"title":"Metal Table Stand for Car Silhouettes - Metal Car Wall Art &amp; Custom Car Silhouettes","robots":{"index":"index","follow":"follow","max-snippet":"max-snippet:-1","max-image-preview":"max-image-preview:large","max-video-preview":"max-video-preview:-1"},"canonical":"https:\/\/lehtly.com\/et\/toode\/metal-table-stand-for-car-silhouettes\/","og_locale":"et_EE","og_type":"article","og_title":"Metal Table Stand for Car Silhouettes - Metal Car Wall Art &amp; Custom Car Silhouettes","og_description":"A sleek, powder-coated steel stand designed to securely display your metal car silhouette on any flat surface. Minimalist, stable, and built to last - perfect for desks, shelves, or showroom setups.","og_url":"https:\/\/lehtly.com\/et\/toode\/metal-table-stand-for-car-silhouettes\/","og_site_name":"Metal Car Wall Art &amp; Custom Car Silhouettes","article_publisher":"https:\/\/www.facebook.com\/profile.php?id=61581012177165","article_modified_time":"2025-12-31T17:34:42+00:00","og_image":[{"width":1920,"height":2560,"url":"https:\/\/lehtly.com\/wp-content\/uploads\/2025\/10\/Laua-alus-scaled.jpg","type":"image\/jpeg"}],"twitter_card":"summary_large_image","twitter_misc":{"Est. reading time":"1 minut"},"schema":{"@context":"https:\/\/schema.org","@graph":[{"@type":"WebPage","@id":"https:\/\/lehtly.com\/product\/metal-table-stand-for-car-silhouettes\/","url":"https:\/\/lehtly.com\/product\/metal-table-stand-for-car-silhouettes\/","name":"Metal Table Stand for Car Silhouettes - Metal Car Wall Art &amp; Custom Car Silhouettes","isPartOf":{"@id":"https:\/\/lehtly.com\/#website"},"primaryImageOfPage":{"@id":"https:\/\/lehtly.com\/product\/metal-table-stand-for-car-silhouettes\/#primaryimage"},"image":{"@id":"https:\/\/lehtly.com\/product\/metal-table-stand-for-car-silhouettes\/#primaryimage"},"thumbnailUrl":"https:\/\/lehtly.com\/wp-content\/uploads\/2025\/10\/Laua-alus-scaled.jpg","datePublished":"2025-11-06T15:49:26+00:00","dateModified":"2025-12-31T17:34:42+00:00","breadcrumb":{"@id":"https:\/\/lehtly.com\/product\/metal-table-stand-for-car-silhouettes\/#breadcrumb"},"inLanguage":"et","potentialAction":[{"@type":"ReadAction","target":["https:\/\/lehtly.com\/product\/metal-table-stand-for-car-silhouettes\/"]}]},{"@type":"ImageObject","inLanguage":"et","@id":"https:\/\/lehtly.com\/product\/metal-table-stand-for-car-silhouettes\/#primaryimage","url":"https:\/\/lehtly.com\/wp-content\/uploads\/2025\/10\/Laua-alus-scaled.jpg","contentUrl":"https:\/\/lehtly.com\/wp-content\/uploads\/2025\/10\/Laua-alus-scaled.jpg","width":1920,"height":2560,"caption":"qrf"},{"@type":"BreadcrumbList","@id":"https:\/\/lehtly.com\/product\/metal-table-stand-for-car-silhouettes\/#breadcrumb","itemListElement":[{"@type":"ListItem","position":1,"name":"Home","item":"https:\/\/lehtly.com\/"},{"@type":"ListItem","position":2,"name":"All Products","item":"https:\/\/lehtly.com\/all-products\/"},{"@type":"ListItem","position":3,"name":"Metal Table Stand for Car Silhouettes"}]},{"@type":"WebSite","@id":"https:\/\/lehtly.com\/#website","url":"https:\/\/lehtly.com\/","name":"Lehtly - Metal Car Wall Art & Custom Car Silhouettes","description":"Precision-cut automotive metal wall art made in Estonia. Free worldwide shipping.","publisher":{"@id":"https:\/\/lehtly.com\/#organization"},"potentialAction":[{"@type":"SearchAction","target":{"@type":"EntryPoint","urlTemplate":"https:\/\/lehtly.com\/?s={search_term_string}"},"query-input":{"@type":"PropertyValueSpecification","valueRequired":true,"valueName":"search_term_string"}}],"inLanguage":"et"},{"@type":"Organization","@id":"https:\/\/lehtly.com\/#organization","name":"Lehtly","url":"https:\/\/lehtly.com\/","logo":{"@type":"ImageObject","inLanguage":"et","@id":"https:\/\/lehtly.com\/#\/schema\/logo\/image\/","url":"https:\/\/lehtly.com\/wp-content\/uploads\/2025\/02\/Lehtly_Logo_White-620x154-1.png","contentUrl":"https:\/\/lehtly.com\/wp-content\/uploads\/2025\/02\/Lehtly_Logo_White-620x154-1.png","width":620,"height":154,"caption":"Lehtly"},"image":{"@id":"https:\/\/lehtly.com\/#\/schema\/logo\/image\/"},"sameAs":["https:\/\/www.facebook.com\/profile.php?id=61581012177165","https:\/\/www.instagram.com\/lehtlyart\/"]}]}},"_links":{"self":[{"href":"https:\/\/lehtly.com\/et\/wp-json\/wp\/v2\/product\/6246","targetHints":{"allow":["GET"]}}],"collection":[{"href":"https:\/\/lehtly.com\/et\/wp-json\/wp\/v2\/product"}],"about":[{"href":"https:\/\/lehtly.com\/et\/wp-json\/wp\/v2\/types\/product"}],"replies":[{"embeddable":true,"href":"https:\/\/lehtly.com\/et\/wp-json\/wp\/v2\/comments?post=6246"}],"wp:featuredmedia":[{"embeddable":true,"href":"https:\/\/lehtly.com\/et\/wp-json\/wp\/v2\/media\/6131"}],"wp:attachment":[{"href":"https:\/\/lehtly.com\/et\/wp-json\/wp\/v2\/media?parent=6246"}],"wp:term":[{"taxonomy":"product_brand","embeddable":true,"href":"https:\/\/lehtly.com\/et\/wp-json\/wp\/v2\/product_brand?post=6246"},{"taxonomy":"product_cat","embeddable":true,"href":"https:\/\/lehtly.com\/et\/wp-json\/wp\/v2\/product_cat?post=6246"},{"taxonomy":"product_tag","embeddable":true,"href":"https:\/\/lehtly.com\/et\/wp-json\/wp\/v2\/product_tag?post=6246"}],"curies":[{"name":"wp","href":"https:\/\/api.w.org\/{rel}","templated":true}]}}