{"id":6255,"date":"2025-11-06T16:38:44","date_gmt":"2025-11-06T16:38:44","guid":{"rendered":"https:\/\/lehtly.com\/?post_type=product&#038;p=6255"},"modified":"2026-03-13T07:03:17","modified_gmt":"2026-03-13T07:03:17","slug":"custom-metal-car-silhouette","status":"publish","type":"product","link":"https:\/\/lehtly.com\/et\/toode\/custom-metal-car-silhouette\/","title":{"rendered":"Kohandatud metallist autosiluetid - loodud sulle"},"content":{"rendered":"<p>Muuda oma unistuste auto ajatuks seina- v\u00f5i lauakaunistuseks meie personaalsete metallist autosiluettidega \u2013 t\u00e4pselt l\u00f5igatud, kohandatud ja loodud kestma.<\/p>\n<p>Olgu selleks sinu klassikaline s\u00f5iduk, kaasaegne lemmik v\u00f5i oluline m\u00e4lestus ratastel \u2013 muudame iga auto foto v\u00f5i mudeli stiilseks metall\u00adsiluetiks. Iga teos on professionaalselt laseriga l\u00f5igatud kvaliteetsest terasest ja viimistletud vastupidava pulberv\u00e4rviga, mis tagab sileda, roostekindla pinna ja pilkup\u00fc\u00fcdva v\u00e4limuse igas ruumis.<\/p>\n<p>Ideaalne kodukaunistuseks, garaa\u017ei, kontorisse v\u00f5i ainulaadseks kingiks autohuvilistele \u2013 need personaalsed siluetid toovad esile automudeli olemuse minimalistlikul kujul.<\/p>","protected":false},"excerpt":{"rendered":"<p>Muuda oma auto ainukordseks metallist kunstiteoseks. Loome sinu mudeli v\u00f5i foto j\u00e4rgi kohandatud silueti. Kvaliteetsest terasest, t\u00e4pselt l\u00f5igatud ja pikaealiseks valmistatud.<\/p>\n<p>Please note: custom-made products are final and non-returnable once production has begun.<\/p>","protected":false},"featured_media":9984,"comment_status":"open","ping_status":"closed","template":"","meta":[],"product_brand":[],"product_cat":[127],"product_tag":[],"class_list":{"0":"post-6255","1":"product","2":"type-product","3":"status-publish","4":"has-post-thumbnail","6":"product_cat-extras","8":"first","9":"instock","10":"taxable","11":"shipping-taxable","12":"purchasable","13":"product-type-variable"},"yoast_head":"<!-- This site is optimized with the Yoast SEO plugin v27.4 - https:\/\/yoast.com\/product\/yoast-seo-wordpress\/ -->\n<title>Custom Metal Car Silhouettes - Made Just for You - Metal Car Wall Art &amp; Custom Car Silhouettes<\/title>\n<meta name=\"robots\" content=\"index, follow, max-snippet:-1, max-image-preview:large, max-video-preview:-1\" \/>\n<link rel=\"canonical\" href=\"https:\/\/lehtly.com\/et\/toode\/custom-metal-car-silhouette\/\" \/>\n<meta property=\"og:locale\" content=\"et_EE\" \/>\n<meta property=\"og:type\" content=\"article\" \/>\n<meta property=\"og:title\" content=\"Custom Metal Car Silhouettes - Made Just for You - Metal Car Wall Art &amp; Custom Car Silhouettes\" \/>\n<meta property=\"og:description\" content=\"Turn your car into a one-of-a-kind piece of metal art. We&#039;ll design and craft a custom silhouette based on your model or photo. Precision-cut from high-quality steel and built to last.  Please note: custom-made products are final and non-returnable once production has begun.\" \/>\n<meta property=\"og:url\" content=\"https:\/\/lehtly.com\/et\/toode\/custom-metal-car-silhouette\/\" \/>\n<meta property=\"og:site_name\" content=\"Metal Car Wall Art &amp; Custom Car Silhouettes\" \/>\n<meta property=\"article:publisher\" content=\"https:\/\/www.facebook.com\/profile.php?id=61581012177165\" \/>\n<meta property=\"article:modified_time\" content=\"2026-03-13T07:03:17+00:00\" \/>\n<meta property=\"og:image\" content=\"https:\/\/lehtly.com\/wp-content\/uploads\/2025\/11\/Custom-design.png\" \/>\n\t<meta property=\"og:image:width\" content=\"1080\" \/>\n\t<meta property=\"og:image:height\" content=\"1080\" \/>\n\t<meta property=\"og:image:type\" content=\"image\/png\" \/>\n<meta name=\"twitter:card\" content=\"summary_large_image\" \/>\n<meta name=\"twitter:label1\" content=\"Est. reading time\" \/>\n\t<meta name=\"twitter:data1\" content=\"1 minut\" \/>\n<script type=\"application\/ld+json\" class=\"yoast-schema-graph\">{\"@context\":\"https:\\\/\\\/schema.org\",\"@graph\":[{\"@type\":\"WebPage\",\"@id\":\"https:\\\/\\\/lehtly.com\\\/product\\\/custom-metal-car-silhouette\\\/\",\"url\":\"https:\\\/\\\/lehtly.com\\\/product\\\/custom-metal-car-silhouette\\\/\",\"name\":\"Custom Metal Car Silhouettes - Made Just for You - Metal Car Wall Art &amp; Custom Car Silhouettes\",\"isPartOf\":{\"@id\":\"https:\\\/\\\/lehtly.com\\\/#website\"},\"primaryImageOfPage\":{\"@id\":\"https:\\\/\\\/lehtly.com\\\/product\\\/custom-metal-car-silhouette\\\/#primaryimage\"},\"image\":{\"@id\":\"https:\\\/\\\/lehtly.com\\\/product\\\/custom-metal-car-silhouette\\\/#primaryimage\"},\"thumbnailUrl\":\"https:\\\/\\\/lehtly.com\\\/wp-content\\\/uploads\\\/2025\\\/11\\\/Custom-design.png\",\"datePublished\":\"2025-11-06T16:38:44+00:00\",\"dateModified\":\"2026-03-13T07:03:17+00:00\",\"breadcrumb\":{\"@id\":\"https:\\\/\\\/lehtly.com\\\/product\\\/custom-metal-car-silhouette\\\/#breadcrumb\"},\"inLanguage\":\"et\",\"potentialAction\":[{\"@type\":\"ReadAction\",\"target\":[\"https:\\\/\\\/lehtly.com\\\/product\\\/custom-metal-car-silhouette\\\/\"]}]},{\"@type\":\"ImageObject\",\"inLanguage\":\"et\",\"@id\":\"https:\\\/\\\/lehtly.com\\\/product\\\/custom-metal-car-silhouette\\\/#primaryimage\",\"url\":\"https:\\\/\\\/lehtly.com\\\/wp-content\\\/uploads\\\/2025\\\/11\\\/Custom-design.png\",\"contentUrl\":\"https:\\\/\\\/lehtly.com\\\/wp-content\\\/uploads\\\/2025\\\/11\\\/Custom-design.png\",\"width\":1080,\"height\":1080},{\"@type\":\"BreadcrumbList\",\"@id\":\"https:\\\/\\\/lehtly.com\\\/product\\\/custom-metal-car-silhouette\\\/#breadcrumb\",\"itemListElement\":[{\"@type\":\"ListItem\",\"position\":1,\"name\":\"Home\",\"item\":\"https:\\\/\\\/lehtly.com\\\/\"},{\"@type\":\"ListItem\",\"position\":2,\"name\":\"All Products\",\"item\":\"https:\\\/\\\/lehtly.com\\\/all-products\\\/\"},{\"@type\":\"ListItem\",\"position\":3,\"name\":\"Custom Metal Car Silhouettes &#8211; Made Just for You\"}]},{\"@type\":\"WebSite\",\"@id\":\"https:\\\/\\\/lehtly.com\\\/#website\",\"url\":\"https:\\\/\\\/lehtly.com\\\/\",\"name\":\"Lehtly - Metal Car Wall Art & Custom Car Silhouettes\",\"description\":\"Precision-cut automotive metal wall art made in Estonia. Free worldwide shipping.\",\"publisher\":{\"@id\":\"https:\\\/\\\/lehtly.com\\\/#organization\"},\"potentialAction\":[{\"@type\":\"SearchAction\",\"target\":{\"@type\":\"EntryPoint\",\"urlTemplate\":\"https:\\\/\\\/lehtly.com\\\/?s={search_term_string}\"},\"query-input\":{\"@type\":\"PropertyValueSpecification\",\"valueRequired\":true,\"valueName\":\"search_term_string\"}}],\"inLanguage\":\"et\"},{\"@type\":\"Organization\",\"@id\":\"https:\\\/\\\/lehtly.com\\\/#organization\",\"name\":\"Lehtly\",\"url\":\"https:\\\/\\\/lehtly.com\\\/\",\"logo\":{\"@type\":\"ImageObject\",\"inLanguage\":\"et\",\"@id\":\"https:\\\/\\\/lehtly.com\\\/#\\\/schema\\\/logo\\\/image\\\/\",\"url\":\"https:\\\/\\\/lehtly.com\\\/wp-content\\\/uploads\\\/2025\\\/02\\\/Lehtly_Logo_White-620x154-1.png\",\"contentUrl\":\"https:\\\/\\\/lehtly.com\\\/wp-content\\\/uploads\\\/2025\\\/02\\\/Lehtly_Logo_White-620x154-1.png\",\"width\":620,\"height\":154,\"caption\":\"Lehtly\"},\"image\":{\"@id\":\"https:\\\/\\\/lehtly.com\\\/#\\\/schema\\\/logo\\\/image\\\/\"},\"sameAs\":[\"https:\\\/\\\/www.facebook.com\\\/profile.php?id=61581012177165\",\"https:\\\/\\\/www.instagram.com\\\/lehtlyart\\\/\"]}]}<\/script>\n<!-- \/ Yoast SEO plugin. -->","yoast_head_json":{"title":"Custom Metal Car Silhouettes - Made Just for You - Metal Car Wall Art &amp; Custom Car Silhouettes","robots":{"index":"index","follow":"follow","max-snippet":"max-snippet:-1","max-image-preview":"max-image-preview:large","max-video-preview":"max-video-preview:-1"},"canonical":"https:\/\/lehtly.com\/et\/toode\/custom-metal-car-silhouette\/","og_locale":"et_EE","og_type":"article","og_title":"Custom Metal Car Silhouettes - Made Just for You - Metal Car Wall Art &amp; Custom Car Silhouettes","og_description":"Turn your car into a one-of-a-kind piece of metal art. We'll design and craft a custom silhouette based on your model or photo. Precision-cut from high-quality steel and built to last.  Please note: custom-made products are final and non-returnable once production has begun.","og_url":"https:\/\/lehtly.com\/et\/toode\/custom-metal-car-silhouette\/","og_site_name":"Metal Car Wall Art &amp; Custom Car Silhouettes","article_publisher":"https:\/\/www.facebook.com\/profile.php?id=61581012177165","article_modified_time":"2026-03-13T07:03:17+00:00","og_image":[{"width":1080,"height":1080,"url":"https:\/\/lehtly.com\/wp-content\/uploads\/2025\/11\/Custom-design.png","type":"image\/png"}],"twitter_card":"summary_large_image","twitter_misc":{"Est. reading time":"1 minut"},"schema":{"@context":"https:\/\/schema.org","@graph":[{"@type":"WebPage","@id":"https:\/\/lehtly.com\/product\/custom-metal-car-silhouette\/","url":"https:\/\/lehtly.com\/product\/custom-metal-car-silhouette\/","name":"Custom Metal Car Silhouettes - Made Just for You - Metal Car Wall Art &amp; Custom Car Silhouettes","isPartOf":{"@id":"https:\/\/lehtly.com\/#website"},"primaryImageOfPage":{"@id":"https:\/\/lehtly.com\/product\/custom-metal-car-silhouette\/#primaryimage"},"image":{"@id":"https:\/\/lehtly.com\/product\/custom-metal-car-silhouette\/#primaryimage"},"thumbnailUrl":"https:\/\/lehtly.com\/wp-content\/uploads\/2025\/11\/Custom-design.png","datePublished":"2025-11-06T16:38:44+00:00","dateModified":"2026-03-13T07:03:17+00:00","breadcrumb":{"@id":"https:\/\/lehtly.com\/product\/custom-metal-car-silhouette\/#breadcrumb"},"inLanguage":"et","potentialAction":[{"@type":"ReadAction","target":["https:\/\/lehtly.com\/product\/custom-metal-car-silhouette\/"]}]},{"@type":"ImageObject","inLanguage":"et","@id":"https:\/\/lehtly.com\/product\/custom-metal-car-silhouette\/#primaryimage","url":"https:\/\/lehtly.com\/wp-content\/uploads\/2025\/11\/Custom-design.png","contentUrl":"https:\/\/lehtly.com\/wp-content\/uploads\/2025\/11\/Custom-design.png","width":1080,"height":1080},{"@type":"BreadcrumbList","@id":"https:\/\/lehtly.com\/product\/custom-metal-car-silhouette\/#breadcrumb","itemListElement":[{"@type":"ListItem","position":1,"name":"Home","item":"https:\/\/lehtly.com\/"},{"@type":"ListItem","position":2,"name":"All Products","item":"https:\/\/lehtly.com\/all-products\/"},{"@type":"ListItem","position":3,"name":"Custom Metal Car Silhouettes &#8211; Made Just for You"}]},{"@type":"WebSite","@id":"https:\/\/lehtly.com\/#website","url":"https:\/\/lehtly.com\/","name":"Lehtly - Metal Car Wall Art & Custom Car Silhouettes","description":"Precision-cut automotive metal wall art made in Estonia. Free worldwide shipping.","publisher":{"@id":"https:\/\/lehtly.com\/#organization"},"potentialAction":[{"@type":"SearchAction","target":{"@type":"EntryPoint","urlTemplate":"https:\/\/lehtly.com\/?s={search_term_string}"},"query-input":{"@type":"PropertyValueSpecification","valueRequired":true,"valueName":"search_term_string"}}],"inLanguage":"et"},{"@type":"Organization","@id":"https:\/\/lehtly.com\/#organization","name":"Lehtly","url":"https:\/\/lehtly.com\/","logo":{"@type":"ImageObject","inLanguage":"et","@id":"https:\/\/lehtly.com\/#\/schema\/logo\/image\/","url":"https:\/\/lehtly.com\/wp-content\/uploads\/2025\/02\/Lehtly_Logo_White-620x154-1.png","contentUrl":"https:\/\/lehtly.com\/wp-content\/uploads\/2025\/02\/Lehtly_Logo_White-620x154-1.png","width":620,"height":154,"caption":"Lehtly"},"image":{"@id":"https:\/\/lehtly.com\/#\/schema\/logo\/image\/"},"sameAs":["https:\/\/www.facebook.com\/profile.php?id=61581012177165","https:\/\/www.instagram.com\/lehtlyart\/"]}]}},"_links":{"self":[{"href":"https:\/\/lehtly.com\/et\/wp-json\/wp\/v2\/product\/6255","targetHints":{"allow":["GET"]}}],"collection":[{"href":"https:\/\/lehtly.com\/et\/wp-json\/wp\/v2\/product"}],"about":[{"href":"https:\/\/lehtly.com\/et\/wp-json\/wp\/v2\/types\/product"}],"replies":[{"embeddable":true,"href":"https:\/\/lehtly.com\/et\/wp-json\/wp\/v2\/comments?post=6255"}],"wp:featuredmedia":[{"embeddable":true,"href":"https:\/\/lehtly.com\/et\/wp-json\/wp\/v2\/media\/9984"}],"wp:attachment":[{"href":"https:\/\/lehtly.com\/et\/wp-json\/wp\/v2\/media?parent=6255"}],"wp:term":[{"taxonomy":"product_brand","embeddable":true,"href":"https:\/\/lehtly.com\/et\/wp-json\/wp\/v2\/product_brand?post=6255"},{"taxonomy":"product_cat","embeddable":true,"href":"https:\/\/lehtly.com\/et\/wp-json\/wp\/v2\/product_cat?post=6255"},{"taxonomy":"product_tag","embeddable":true,"href":"https:\/\/lehtly.com\/et\/wp-json\/wp\/v2\/product_tag?post=6255"}],"curies":[{"name":"wp","href":"https:\/\/api.w.org\/{rel}","templated":true}]}}