{"id":9945,"date":"2026-01-28T18:56:11","date_gmt":"2026-01-28T18:56:11","guid":{"rendered":"https:\/\/lehtly.com\/?post_type=product&#038;p=9945"},"modified":"2026-01-28T18:59:08","modified_gmt":"2026-01-28T18:59:08","slug":"bmw-3-e30-touring-metal-car-silhouette","status":"publish","type":"product","link":"https:\/\/lehtly.com\/et\/toode\/bmw-3-e30-touring-metal-car-silhouette\/","title":{"rendered":"BMW 3 E30 Touring Metallist Auto Siluett"},"content":{"rendered":"<p>Soeta endale seinakunst, mis peegeldab sinu kirge.<\/p>\n<p>Meie metallist autode siluetid ei ole pelgalt dekoratsioonid \u2013 need on avaldus. Valmistatud k\u00e4sit\u00f6\u00f6na Eestis, kasutades ainult sertifitseeritud Euroopa 3 mm terast, l\u00f5igatud k\u00f5rgt\u00e4psusega laseriga ning kaetud siidmati pulberv\u00e4rviga, mis ei tuhmu ega kriimustu.<\/p>\n<p>Iga detail on viimistletud t\u00e4iuslikkuseni \u2013 l\u00f5ikeservad on pehmendatud, et tulemus oleks sama k\u00f5rgetasemeline kui auto, mida see kujutab. Riputa see seinale elutoa fookuspunktiks, garaa\u017ei trofeeseinale v\u00f5i kingi see inimesele, kelle kireks on kiirus, tehnika ja t\u00e4iuslik disain.<\/p>\n<p>See pole lihtsalt metall!<\/p>\n<p>See on kunst- ajatu klassika!<\/p>","protected":false},"excerpt":{"rendered":"<p>Komplekt sisaldab BMW 3 E30 Touring metallist auto siluetti ja seinakinnitust.<\/p>","protected":false},"featured_media":9953,"comment_status":"open","ping_status":"closed","template":"","meta":[],"product_brand":[],"product_cat":[82,103,100],"product_tag":[],"class_list":{"0":"post-9945","1":"product","2":"type-product","3":"status-publish","4":"has-post-thumbnail","6":"product_cat-bmw","7":"product_cat-classic","8":"product_cat-oldschool","10":"first","11":"instock","12":"taxable","13":"shipping-taxable","14":"purchasable","15":"product-type-variable"},"yoast_head":"<!-- This site is optimized with the Yoast SEO plugin v27.4 - https:\/\/yoast.com\/product\/yoast-seo-wordpress\/ -->\n<title>BMW 3 E30 Touring Metal Car Silhouette - Metal Car Wall Art &amp; Custom Car Silhouettes<\/title>\n<meta name=\"robots\" content=\"index, follow, max-snippet:-1, max-image-preview:large, max-video-preview:-1\" \/>\n<link rel=\"canonical\" href=\"https:\/\/lehtly.com\/et\/toode\/bmw-3-e30-touring-metal-car-silhouette\/\" \/>\n<meta property=\"og:locale\" content=\"et_EE\" \/>\n<meta property=\"og:type\" content=\"article\" \/>\n<meta property=\"og:title\" content=\"BMW 3 E30 Touring Metal Car Silhouette - Metal Car Wall Art &amp; Custom Car Silhouettes\" \/>\n<meta property=\"og:description\" content=\"The set includes BMW 3 E30 Touring Metal Car Silhouette and a wall mount.\" \/>\n<meta property=\"og:url\" content=\"https:\/\/lehtly.com\/et\/toode\/bmw-3-e30-touring-metal-car-silhouette\/\" \/>\n<meta property=\"og:site_name\" content=\"Metal Car Wall Art &amp; Custom Car Silhouettes\" \/>\n<meta property=\"article:publisher\" content=\"https:\/\/www.facebook.com\/profile.php?id=61581012177165\" \/>\n<meta property=\"article:modified_time\" content=\"2026-01-28T18:59:08+00:00\" \/>\n<meta property=\"og:image\" content=\"https:\/\/lehtly.com\/wp-content\/uploads\/2026\/01\/BMW-3-E30-Touring-vaiksem.png\" \/>\n\t<meta property=\"og:image:width\" content=\"1189\" \/>\n\t<meta property=\"og:image:height\" content=\"795\" \/>\n\t<meta property=\"og:image:type\" content=\"image\/png\" \/>\n<meta name=\"twitter:card\" content=\"summary_large_image\" \/>\n<meta name=\"twitter:label1\" content=\"Est. reading time\" \/>\n\t<meta name=\"twitter:data1\" content=\"1 minut\" \/>\n<script type=\"application\/ld+json\" class=\"yoast-schema-graph\">{\"@context\":\"https:\\\/\\\/schema.org\",\"@graph\":[{\"@type\":\"WebPage\",\"@id\":\"https:\\\/\\\/lehtly.com\\\/product\\\/bmw-3-e30-touring-metal-car-silhouette\\\/\",\"url\":\"https:\\\/\\\/lehtly.com\\\/product\\\/bmw-3-e30-touring-metal-car-silhouette\\\/\",\"name\":\"BMW 3 E30 Touring Metal Car Silhouette - Metal Car Wall Art &amp; Custom Car Silhouettes\",\"isPartOf\":{\"@id\":\"https:\\\/\\\/lehtly.com\\\/#website\"},\"primaryImageOfPage\":{\"@id\":\"https:\\\/\\\/lehtly.com\\\/product\\\/bmw-3-e30-touring-metal-car-silhouette\\\/#primaryimage\"},\"image\":{\"@id\":\"https:\\\/\\\/lehtly.com\\\/product\\\/bmw-3-e30-touring-metal-car-silhouette\\\/#primaryimage\"},\"thumbnailUrl\":\"https:\\\/\\\/lehtly.com\\\/wp-content\\\/uploads\\\/2026\\\/01\\\/BMW-3-E30-Touring-vaiksem.png\",\"datePublished\":\"2026-01-28T18:56:11+00:00\",\"dateModified\":\"2026-01-28T18:59:08+00:00\",\"breadcrumb\":{\"@id\":\"https:\\\/\\\/lehtly.com\\\/product\\\/bmw-3-e30-touring-metal-car-silhouette\\\/#breadcrumb\"},\"inLanguage\":\"et\",\"potentialAction\":[{\"@type\":\"ReadAction\",\"target\":[\"https:\\\/\\\/lehtly.com\\\/product\\\/bmw-3-e30-touring-metal-car-silhouette\\\/\"]}]},{\"@type\":\"ImageObject\",\"inLanguage\":\"et\",\"@id\":\"https:\\\/\\\/lehtly.com\\\/product\\\/bmw-3-e30-touring-metal-car-silhouette\\\/#primaryimage\",\"url\":\"https:\\\/\\\/lehtly.com\\\/wp-content\\\/uploads\\\/2026\\\/01\\\/BMW-3-E30-Touring-vaiksem.png\",\"contentUrl\":\"https:\\\/\\\/lehtly.com\\\/wp-content\\\/uploads\\\/2026\\\/01\\\/BMW-3-E30-Touring-vaiksem.png\",\"width\":1189,\"height\":795},{\"@type\":\"BreadcrumbList\",\"@id\":\"https:\\\/\\\/lehtly.com\\\/product\\\/bmw-3-e30-touring-metal-car-silhouette\\\/#breadcrumb\",\"itemListElement\":[{\"@type\":\"ListItem\",\"position\":1,\"name\":\"Home\",\"item\":\"https:\\\/\\\/lehtly.com\\\/\"},{\"@type\":\"ListItem\",\"position\":2,\"name\":\"All Products\",\"item\":\"https:\\\/\\\/lehtly.com\\\/all-products\\\/\"},{\"@type\":\"ListItem\",\"position\":3,\"name\":\"BMW 3 E30 Touring Metal Car Silhouette\"}]},{\"@type\":\"WebSite\",\"@id\":\"https:\\\/\\\/lehtly.com\\\/#website\",\"url\":\"https:\\\/\\\/lehtly.com\\\/\",\"name\":\"Lehtly - Metal Car Wall Art & Custom Car Silhouettes\",\"description\":\"Precision-cut automotive metal wall art made in Estonia. Free worldwide shipping.\",\"publisher\":{\"@id\":\"https:\\\/\\\/lehtly.com\\\/#organization\"},\"potentialAction\":[{\"@type\":\"SearchAction\",\"target\":{\"@type\":\"EntryPoint\",\"urlTemplate\":\"https:\\\/\\\/lehtly.com\\\/?s={search_term_string}\"},\"query-input\":{\"@type\":\"PropertyValueSpecification\",\"valueRequired\":true,\"valueName\":\"search_term_string\"}}],\"inLanguage\":\"et\"},{\"@type\":\"Organization\",\"@id\":\"https:\\\/\\\/lehtly.com\\\/#organization\",\"name\":\"Lehtly\",\"url\":\"https:\\\/\\\/lehtly.com\\\/\",\"logo\":{\"@type\":\"ImageObject\",\"inLanguage\":\"et\",\"@id\":\"https:\\\/\\\/lehtly.com\\\/#\\\/schema\\\/logo\\\/image\\\/\",\"url\":\"https:\\\/\\\/lehtly.com\\\/wp-content\\\/uploads\\\/2025\\\/02\\\/Lehtly_Logo_White-620x154-1.png\",\"contentUrl\":\"https:\\\/\\\/lehtly.com\\\/wp-content\\\/uploads\\\/2025\\\/02\\\/Lehtly_Logo_White-620x154-1.png\",\"width\":620,\"height\":154,\"caption\":\"Lehtly\"},\"image\":{\"@id\":\"https:\\\/\\\/lehtly.com\\\/#\\\/schema\\\/logo\\\/image\\\/\"},\"sameAs\":[\"https:\\\/\\\/www.facebook.com\\\/profile.php?id=61581012177165\",\"https:\\\/\\\/www.instagram.com\\\/lehtlyart\\\/\"]}]}<\/script>\n<!-- \/ Yoast SEO plugin. -->","yoast_head_json":{"title":"BMW 3 E30 Touring Metal Car Silhouette - Metal Car Wall Art &amp; Custom Car Silhouettes","robots":{"index":"index","follow":"follow","max-snippet":"max-snippet:-1","max-image-preview":"max-image-preview:large","max-video-preview":"max-video-preview:-1"},"canonical":"https:\/\/lehtly.com\/et\/toode\/bmw-3-e30-touring-metal-car-silhouette\/","og_locale":"et_EE","og_type":"article","og_title":"BMW 3 E30 Touring Metal Car Silhouette - Metal Car Wall Art &amp; Custom Car Silhouettes","og_description":"The set includes BMW 3 E30 Touring Metal Car Silhouette and a wall mount.","og_url":"https:\/\/lehtly.com\/et\/toode\/bmw-3-e30-touring-metal-car-silhouette\/","og_site_name":"Metal Car Wall Art &amp; Custom Car Silhouettes","article_publisher":"https:\/\/www.facebook.com\/profile.php?id=61581012177165","article_modified_time":"2026-01-28T18:59:08+00:00","og_image":[{"width":1189,"height":795,"url":"https:\/\/lehtly.com\/wp-content\/uploads\/2026\/01\/BMW-3-E30-Touring-vaiksem.png","type":"image\/png"}],"twitter_card":"summary_large_image","twitter_misc":{"Est. reading time":"1 minut"},"schema":{"@context":"https:\/\/schema.org","@graph":[{"@type":"WebPage","@id":"https:\/\/lehtly.com\/product\/bmw-3-e30-touring-metal-car-silhouette\/","url":"https:\/\/lehtly.com\/product\/bmw-3-e30-touring-metal-car-silhouette\/","name":"BMW 3 E30 Touring Metal Car Silhouette - Metal Car Wall Art &amp; Custom Car Silhouettes","isPartOf":{"@id":"https:\/\/lehtly.com\/#website"},"primaryImageOfPage":{"@id":"https:\/\/lehtly.com\/product\/bmw-3-e30-touring-metal-car-silhouette\/#primaryimage"},"image":{"@id":"https:\/\/lehtly.com\/product\/bmw-3-e30-touring-metal-car-silhouette\/#primaryimage"},"thumbnailUrl":"https:\/\/lehtly.com\/wp-content\/uploads\/2026\/01\/BMW-3-E30-Touring-vaiksem.png","datePublished":"2026-01-28T18:56:11+00:00","dateModified":"2026-01-28T18:59:08+00:00","breadcrumb":{"@id":"https:\/\/lehtly.com\/product\/bmw-3-e30-touring-metal-car-silhouette\/#breadcrumb"},"inLanguage":"et","potentialAction":[{"@type":"ReadAction","target":["https:\/\/lehtly.com\/product\/bmw-3-e30-touring-metal-car-silhouette\/"]}]},{"@type":"ImageObject","inLanguage":"et","@id":"https:\/\/lehtly.com\/product\/bmw-3-e30-touring-metal-car-silhouette\/#primaryimage","url":"https:\/\/lehtly.com\/wp-content\/uploads\/2026\/01\/BMW-3-E30-Touring-vaiksem.png","contentUrl":"https:\/\/lehtly.com\/wp-content\/uploads\/2026\/01\/BMW-3-E30-Touring-vaiksem.png","width":1189,"height":795},{"@type":"BreadcrumbList","@id":"https:\/\/lehtly.com\/product\/bmw-3-e30-touring-metal-car-silhouette\/#breadcrumb","itemListElement":[{"@type":"ListItem","position":1,"name":"Home","item":"https:\/\/lehtly.com\/"},{"@type":"ListItem","position":2,"name":"All Products","item":"https:\/\/lehtly.com\/all-products\/"},{"@type":"ListItem","position":3,"name":"BMW 3 E30 Touring Metal Car Silhouette"}]},{"@type":"WebSite","@id":"https:\/\/lehtly.com\/#website","url":"https:\/\/lehtly.com\/","name":"Lehtly - Metal Car Wall Art & Custom Car Silhouettes","description":"Precision-cut automotive metal wall art made in Estonia. Free worldwide shipping.","publisher":{"@id":"https:\/\/lehtly.com\/#organization"},"potentialAction":[{"@type":"SearchAction","target":{"@type":"EntryPoint","urlTemplate":"https:\/\/lehtly.com\/?s={search_term_string}"},"query-input":{"@type":"PropertyValueSpecification","valueRequired":true,"valueName":"search_term_string"}}],"inLanguage":"et"},{"@type":"Organization","@id":"https:\/\/lehtly.com\/#organization","name":"Lehtly","url":"https:\/\/lehtly.com\/","logo":{"@type":"ImageObject","inLanguage":"et","@id":"https:\/\/lehtly.com\/#\/schema\/logo\/image\/","url":"https:\/\/lehtly.com\/wp-content\/uploads\/2025\/02\/Lehtly_Logo_White-620x154-1.png","contentUrl":"https:\/\/lehtly.com\/wp-content\/uploads\/2025\/02\/Lehtly_Logo_White-620x154-1.png","width":620,"height":154,"caption":"Lehtly"},"image":{"@id":"https:\/\/lehtly.com\/#\/schema\/logo\/image\/"},"sameAs":["https:\/\/www.facebook.com\/profile.php?id=61581012177165","https:\/\/www.instagram.com\/lehtlyart\/"]}]}},"_links":{"self":[{"href":"https:\/\/lehtly.com\/et\/wp-json\/wp\/v2\/product\/9945","targetHints":{"allow":["GET"]}}],"collection":[{"href":"https:\/\/lehtly.com\/et\/wp-json\/wp\/v2\/product"}],"about":[{"href":"https:\/\/lehtly.com\/et\/wp-json\/wp\/v2\/types\/product"}],"replies":[{"embeddable":true,"href":"https:\/\/lehtly.com\/et\/wp-json\/wp\/v2\/comments?post=9945"}],"wp:featuredmedia":[{"embeddable":true,"href":"https:\/\/lehtly.com\/et\/wp-json\/wp\/v2\/media\/9953"}],"wp:attachment":[{"href":"https:\/\/lehtly.com\/et\/wp-json\/wp\/v2\/media?parent=9945"}],"wp:term":[{"taxonomy":"product_brand","embeddable":true,"href":"https:\/\/lehtly.com\/et\/wp-json\/wp\/v2\/product_brand?post=9945"},{"taxonomy":"product_cat","embeddable":true,"href":"https:\/\/lehtly.com\/et\/wp-json\/wp\/v2\/product_cat?post=9945"},{"taxonomy":"product_tag","embeddable":true,"href":"https:\/\/lehtly.com\/et\/wp-json\/wp\/v2\/product_tag?post=9945"}],"curies":[{"name":"wp","href":"https:\/\/api.w.org\/{rel}","templated":true}]}}